{"id":315,"date":"2022-05-02T15:53:18","date_gmt":"2022-05-02T18:53:18","guid":{"rendered":"https:\/\/colchoesdoctors.com.br\/ind\/?page_id=315"},"modified":"2022-05-02T16:27:00","modified_gmt":"2022-05-02T19:27:00","slug":"dicas-de-saude","status":"publish","type":"page","link":"https:\/\/colchoesdoctors.com.br\/ind\/dicas-de-saude\/","title":{"rendered":"dicas de sa\u00fade"},"content":{"rendered":"<div class=\"wpb-content-wrapper\"><p>[vc_row css_animation=&#8221;element_from_top&#8221; row_type=&#8221;row&#8221; use_row_as_full_screen_section=&#8221;no&#8221; type=&#8221;full_width&#8221; angled_section=&#8221;no&#8221; text_align=&#8221;center&#8221; background_image_as_pattern=&#8221;without_pattern&#8221; transition_delay=&#8221;500&#8243; z_index=&#8221;&#8221;][vc_column][vc_separator type=&#8221;transparent&#8221; up=&#8221;200&#8243; down=&#8221;0&#8243;][vc_row_inner row_type=&#8221;row&#8221; type=&#8221;grid&#8221; text_align=&#8221;center&#8221; css_animation=&#8221;element_from_right&#8221;][vc_column_inner width=&#8221;1\/6&#8243;][\/vc_column_inner][vc_column_inner width=&#8221;4\/6&#8243;][vc_column_text]<\/p>\n<h1 style=\"text-align: center;\"><span style=\"color: #ffed00;\">DICAS DE SA\u00daDE<br \/>\n<\/span><\/h1>\n<p>[\/vc_column_text][vc_separator type=&#8221;transparent&#8221; up=&#8221;50&#8243; down=&#8221;0&#8243;][vc_column_text]<\/p>\n<h3 style=\"text-align: center;\"><span style=\"color: #ffffff;\">Adotar alguns h\u00e1bitos durante o dia e antes de dormir podem auxiliar a ter uma vida saud\u00e1vel e uma boa noite de sono. Siga nossas dicas e viva feliz!<\/span><\/h3>\n<p>[\/vc_column_text][\/vc_column_inner][vc_column_inner width=&#8221;1\/6&#8243;][\/vc_column_inner][\/vc_row_inner][vc_separator type=&#8221;transparent&#8221; up=&#8221;100&#8243; down=&#8221;0&#8243;][vc_raw_html]JTNDaHIlMjBjbGFzcyUzRCUyMndwLWJsb2NrLXNlcGFyYXRvciUyMGhhcy10ZXh0LWNvbG9yJTIwaGFzLWJhY2tncm91bmQlMjBpcy1zdHlsZS13aWRlJTIyJTIwc3R5bGUlM0QlMjJiYWNrZ3JvdW5kLWNvbG9yJTNBJTIwJTIzZmZlYjAwJTNCJTIwY29sb3IlM0ElMjAlMjNmZmViMDAlM0IlMjIlMjAlMkYlM0U=[\/vc_raw_html][\/vc_column][\/vc_row][vc_row css_animation=&#8221;element_from_bottom&#8221; row_type=&#8221;row&#8221; use_row_as_full_screen_section=&#8221;no&#8221; type=&#8221;grid&#8221; angled_section=&#8221;no&#8221; text_align=&#8221;center&#8221; background_image_as_pattern=&#8221;without_pattern&#8221; transition_delay=&#8221;500&#8243; z_index=&#8221;&#8221;][vc_column][vc_separator type=&#8221;transparent&#8221; up=&#8221;100&#8243;]\n<div class='latest_post_holder boxes four_columns five_rows' >\n    <ul>\n    \n        <li class=\"clearfix\">\n            <div class=\"boxes_image\">\n                                <a itemprop=\"url\" href=\"https:\/\/colchoesdoctors.com.br\/ind\/dicas-para-uma-boa-noite-de-sono\/\"><img loading=\"lazy\" decoding=\"async\" width=\"1200\" height=\"800\" src=\"https:\/\/colchoesdoctors.com.br\/ind\/wp-content\/uploads\/2022\/04\/01.jpg\" class=\"attachment-full size-full wp-post-image\" alt=\"\" srcset=\"https:\/\/colchoesdoctors.com.br\/ind\/wp-content\/uploads\/2022\/04\/01.jpg 1200w, https:\/\/colchoesdoctors.com.br\/ind\/wp-content\/uploads\/2022\/04\/01-300x200.jpg 300w, https:\/\/colchoesdoctors.com.br\/ind\/wp-content\/uploads\/2022\/04\/01-1024x683.jpg 1024w, https:\/\/colchoesdoctors.com.br\/ind\/wp-content\/uploads\/2022\/04\/01-768x512.jpg 768w, https:\/\/colchoesdoctors.com.br\/ind\/wp-content\/uploads\/2022\/04\/01-700x467.jpg 700w\" sizes=\"(max-width: 1200px) 100vw, 1200px\" \/><\/a>\n            <\/div>\n            <div class=\"latest_post\"  >\n                <div class=\"latest_post_text\">\n                    <div class=\"latest_post_inner\">\n                        <div class=\"latest_post_text_inner\">\n                            <h4 itemprop=\"name\" class=\"latest_post_title entry_title\"><a itemprop=\"url\" href=\"https:\/\/colchoesdoctors.com.br\/ind\/dicas-para-uma-boa-noite-de-sono\/\">DICAS PARA UMA BOA NOITE DE SONO<\/a><\/h4>\n                            <p class=\"excerpt\">[vc_row css_animation=&#8221;&#8221; row_type=&#8221;row&#8221; use_row_as_full_screen_section=&#8221;no&#8221; type=&#8221;full_width&#8221; angled_section=&#8221;no&#8221; text_align=&#8221;left&#8221; background_image_as_pattern=&#8221;without_pattern&#8221;][vc_column][vc_empty_space height=&#8221;50px&#8221;][\/vc_column][\/vc_row][vc_row css_animation=&#8221;&#8221; row_type=&#8221;row&#8221; use_row_as_full_screen_section=&#8221;no&#8221; type=&#8221;full_width&#8221; angled_section=&#8221;no&#8221; text_align=&#8221;left&#8221; background_image_as_pattern=&#8221;without_pattern&#8221;][vc_column][vc_column_text] Cochilar depois do almo\u00e7o \u00e9 reparador, mas se passar de 40 minutos pode prejudicar o sono \u00e0 noite. Com essa vida maluca e com a correria do dia-a-dia fica......<\/p>\n                            <span class=\"post_infos\">\n                                                                                                \n                                \n                                                            <\/span>\n                        <\/div>\n                    <\/div>\n                <\/div>\n            <\/div>\n        <\/li>\n    \n        <li class=\"clearfix\">\n            <div class=\"boxes_image\">\n                                <a itemprop=\"url\" href=\"https:\/\/colchoesdoctors.com.br\/ind\/dicas-para-um-sono-tranquilo\/\"><img loading=\"lazy\" decoding=\"async\" width=\"1200\" height=\"800\" src=\"https:\/\/colchoesdoctors.com.br\/ind\/wp-content\/uploads\/2022\/04\/02.jpg\" class=\"attachment-full size-full wp-post-image\" alt=\"\" srcset=\"https:\/\/colchoesdoctors.com.br\/ind\/wp-content\/uploads\/2022\/04\/02.jpg 1200w, https:\/\/colchoesdoctors.com.br\/ind\/wp-content\/uploads\/2022\/04\/02-300x200.jpg 300w, https:\/\/colchoesdoctors.com.br\/ind\/wp-content\/uploads\/2022\/04\/02-1024x683.jpg 1024w, https:\/\/colchoesdoctors.com.br\/ind\/wp-content\/uploads\/2022\/04\/02-768x512.jpg 768w, https:\/\/colchoesdoctors.com.br\/ind\/wp-content\/uploads\/2022\/04\/02-700x467.jpg 700w\" sizes=\"(max-width: 1200px) 100vw, 1200px\" \/><\/a>\n            <\/div>\n            <div class=\"latest_post\"  >\n                <div class=\"latest_post_text\">\n                    <div class=\"latest_post_inner\">\n                        <div class=\"latest_post_text_inner\">\n                            <h4 itemprop=\"name\" class=\"latest_post_title entry_title\"><a itemprop=\"url\" href=\"https:\/\/colchoesdoctors.com.br\/ind\/dicas-para-um-sono-tranquilo\/\">DICAS PARA UM SONO TRANQUILO<\/a><\/h4>\n                            <p class=\"excerpt\">[vc_row css_animation=&#8221;&#8221; row_type=&#8221;row&#8221; use_row_as_full_screen_section=&#8221;no&#8221; type=&#8221;full_width&#8221; angled_section=&#8221;no&#8221; text_align=&#8221;left&#8221; background_image_as_pattern=&#8221;without_pattern&#8221;][vc_column][vc_empty_space height=&#8221;50px&#8221;][\/vc_column][\/vc_row][vc_row css_animation=&#8221;&#8221; row_type=&#8221;row&#8221; use_row_as_full_screen_section=&#8221;no&#8221; type=&#8221;full_width&#8221; angled_section=&#8221;no&#8221; text_align=&#8221;left&#8221; background_image_as_pattern=&#8221;without_pattern&#8221;][vc_column][vc_single_image image=&#8221;748&#8243; img_size=&#8221;full&#8221; alignment=&#8221;center&#8221; qode_css_animation=&#8221;&#8221;][\/vc_column][\/vc_row][vc_row css_animation=&#8221;&#8221; row_type=&#8221;row&#8221; use_row_as_full_screen_section=&#8221;no&#8221; type=&#8221;full_width&#8221; angled_section=&#8221;no&#8221; text_align=&#8221;left&#8221; background_image_as_pattern=&#8221;without_pattern&#8221; z_index=&#8221;&#8221;][vc_column][vc_empty_space height=&#8221;50px&#8221;][\/vc_column][\/vc_row][vc_row css_animation=&#8221;&#8221; row_type=&#8221;row&#8221; use_row_as_full_screen_section=&#8221;no&#8221; type=&#8221;full_width&#8221; angled_section=&#8221;no&#8221; text_align=&#8221;left&#8221; background_image_as_pattern=&#8221;without_pattern&#8221; z_index=&#8221;&#8221;][vc_column width=&#8221;1\/4&#8243;][\/vc_column][vc_column width=&#8221;1\/2&#8243;][vc_column_text] COLCH\u00d5ES DOCTORS \u201cDurma bem a noite......<\/p>\n                            <span class=\"post_infos\">\n                                                                                                \n                                \n                                                            <\/span>\n                        <\/div>\n                    <\/div>\n                <\/div>\n            <\/div>\n        <\/li>\n    \n        <li class=\"clearfix\">\n            <div class=\"boxes_image\">\n                                <a itemprop=\"url\" href=\"https:\/\/colchoesdoctors.com.br\/ind\/como-ter-um-excelente-sono\/\"><img loading=\"lazy\" decoding=\"async\" width=\"1200\" height=\"800\" src=\"https:\/\/colchoesdoctors.com.br\/ind\/wp-content\/uploads\/2022\/04\/03.jpg\" class=\"attachment-full size-full wp-post-image\" alt=\"\" srcset=\"https:\/\/colchoesdoctors.com.br\/ind\/wp-content\/uploads\/2022\/04\/03.jpg 1200w, https:\/\/colchoesdoctors.com.br\/ind\/wp-content\/uploads\/2022\/04\/03-300x200.jpg 300w, https:\/\/colchoesdoctors.com.br\/ind\/wp-content\/uploads\/2022\/04\/03-1024x683.jpg 1024w, https:\/\/colchoesdoctors.com.br\/ind\/wp-content\/uploads\/2022\/04\/03-768x512.jpg 768w, https:\/\/colchoesdoctors.com.br\/ind\/wp-content\/uploads\/2022\/04\/03-700x467.jpg 700w\" sizes=\"(max-width: 1200px) 100vw, 1200px\" \/><\/a>\n            <\/div>\n            <div class=\"latest_post\"  >\n                <div class=\"latest_post_text\">\n                    <div class=\"latest_post_inner\">\n                        <div class=\"latest_post_text_inner\">\n                            <h4 itemprop=\"name\" class=\"latest_post_title entry_title\"><a itemprop=\"url\" href=\"https:\/\/colchoesdoctors.com.br\/ind\/como-ter-um-excelente-sono\/\">COMO TER UM EXCELENTE SONO<\/a><\/h4>\n                            <p class=\"excerpt\">[vc_row css_animation=&#8221;&#8221; row_type=&#8221;row&#8221; use_row_as_full_screen_section=&#8221;no&#8221; type=&#8221;full_width&#8221; angled_section=&#8221;no&#8221; text_align=&#8221;left&#8221; background_image_as_pattern=&#8221;without_pattern&#8221;][vc_column][vc_empty_space height=&#8221;50px&#8221;][\/vc_column][\/vc_row][vc_row css_animation=&#8221;&#8221; row_type=&#8221;row&#8221; use_row_as_full_screen_section=&#8221;no&#8221; type=&#8221;grid&#8221; angled_section=&#8221;no&#8221; text_align=&#8221;left&#8221; background_image_as_pattern=&#8221;without_pattern&#8221; z_index=&#8221;&#8221;][vc_column][vc_empty_space][vc_column_text] \u00c9 durante o sono que nosso corpo exerce diversas fun\u00e7\u00f5es de restaura\u00e7\u00e3o important\u00edssimas para o organismo. Por isso, dormir bem faz toda a diferen\u00e7a para nosso cotidiano. No......<\/p>\n                            <span class=\"post_infos\">\n                                                                                                \n                                \n                                                            <\/span>\n                        <\/div>\n                    <\/div>\n                <\/div>\n            <\/div>\n        <\/li>\n    \n        <li class=\"clearfix\">\n            <div class=\"boxes_image\">\n                                <a itemprop=\"url\" href=\"https:\/\/colchoesdoctors.com.br\/ind\/perfeita-higiene-do-sono\/\"><img loading=\"lazy\" decoding=\"async\" width=\"1200\" height=\"800\" src=\"https:\/\/colchoesdoctors.com.br\/ind\/wp-content\/uploads\/2022\/04\/12.jpg\" class=\"attachment-full size-full wp-post-image\" alt=\"\" srcset=\"https:\/\/colchoesdoctors.com.br\/ind\/wp-content\/uploads\/2022\/04\/12.jpg 1200w, https:\/\/colchoesdoctors.com.br\/ind\/wp-content\/uploads\/2022\/04\/12-300x200.jpg 300w, https:\/\/colchoesdoctors.com.br\/ind\/wp-content\/uploads\/2022\/04\/12-1024x683.jpg 1024w, https:\/\/colchoesdoctors.com.br\/ind\/wp-content\/uploads\/2022\/04\/12-768x512.jpg 768w, https:\/\/colchoesdoctors.com.br\/ind\/wp-content\/uploads\/2022\/04\/12-700x467.jpg 700w\" sizes=\"(max-width: 1200px) 100vw, 1200px\" \/><\/a>\n            <\/div>\n            <div class=\"latest_post\"  >\n                <div class=\"latest_post_text\">\n                    <div class=\"latest_post_inner\">\n                        <div class=\"latest_post_text_inner\">\n                            <h4 itemprop=\"name\" class=\"latest_post_title entry_title\"><a itemprop=\"url\" href=\"https:\/\/colchoesdoctors.com.br\/ind\/perfeita-higiene-do-sono\/\">A PERFEITA HIGIENE DO SONO<\/a><\/h4>\n                            <p class=\"excerpt\">[vc_row css_animation=&#8221;&#8221; row_type=&#8221;row&#8221; use_row_as_full_screen_section=&#8221;no&#8221; type=&#8221;full_width&#8221; angled_section=&#8221;no&#8221; text_align=&#8221;left&#8221; background_image_as_pattern=&#8221;without_pattern&#8221;][vc_column][vc_empty_space height=&#8221;50px&#8221;][\/vc_column][\/vc_row][vc_row css_animation=&#8221;&#8221; row_type=&#8221;row&#8221; use_row_as_full_screen_section=&#8221;no&#8221; type=&#8221;full_width&#8221; angled_section=&#8221;no&#8221; text_align=&#8221;left&#8221; background_image_as_pattern=&#8221;without_pattern&#8221;][vc_column][vc_single_image image=&#8221;763&#8243; img_size=&#8221;full&#8221; alignment=&#8221;center&#8221; qode_css_animation=&#8221;&#8221;][\/vc_column][\/vc_row][vc_row css_animation=&#8221;&#8221; row_type=&#8221;row&#8221; use_row_as_full_screen_section=&#8221;no&#8221; type=&#8221;full_width&#8221; angled_section=&#8221;no&#8221; text_align=&#8221;left&#8221; background_image_as_pattern=&#8221;without_pattern&#8221;][vc_column][vc_empty_space height=&#8221;30px&#8221;][\/vc_column][\/vc_row][vc_row css_animation=&#8221;&#8221; row_type=&#8221;row&#8221; use_row_as_full_screen_section=&#8221;no&#8221; type=&#8221;full_width&#8221; angled_section=&#8221;no&#8221; text_align=&#8221;left&#8221; background_image_as_pattern=&#8221;without_pattern&#8221; z_index=&#8221;&#8221;][vc_column width=&#8221;1\/4&#8243;][\/vc_column][vc_column width=&#8221;1\/2&#8243;][vc_column_text] COLCH\u00d5ES DOCTORS \u201cDurma bem a noite passe......<\/p>\n                            <span class=\"post_infos\">\n                                                                                                \n                                \n                                                            <\/span>\n                        <\/div>\n                    <\/div>\n                <\/div>\n            <\/div>\n        <\/li>\n        <\/ul>\n<\/div>[vc_separator type=&#8221;transparent&#8221; up=&#8221;50&#8243;][\/vc_column][\/vc_row][vc_row css_animation=&#8221;&#8221; row_type=&#8221;row&#8221; use_row_as_full_screen_section=&#8221;no&#8221; type=&#8221;full_width&#8221; angled_section=&#8221;no&#8221; text_align=&#8221;left&#8221; background_image_as_pattern=&#8221;without_pattern&#8221; z_index=&#8221;&#8221;][vc_column][vc_empty_space height=&#8221;50px&#8221;][\/vc_column][\/vc_row][vc_row css_animation=&#8221;element_from_right&#8221; row_type=&#8221;row&#8221; use_row_as_full_screen_section=&#8221;no&#8221; type=&#8221;grid&#8221; angled_section=&#8221;no&#8221; text_align=&#8221;center&#8221; background_image_as_pattern=&#8221;without_pattern&#8221; z_index=&#8221;&#8221;][vc_column width=&#8221;1\/5&#8243;][\/vc_column][vc_column width=&#8221;1\/5&#8243;][\/vc_column][vc_column width=&#8221;1\/5&#8243;]<span data-type=\"circle\" data-hover-bg-color=\"#ffffff\" data-hover-icon-color=\"#333333\" class=\"qode_icon_shortcode fa-stack q_font_awsome_icon_stack fa-2x pull-center \" style=\" \"><a  itemprop=\"url\" href=\"https:\/\/colchoesdoctors.com.br\/ind\/\" target=\"_self\"><i class=\"fa fa-circle fa-stack-base fa-stack-2x\" style=\"color: #ffed00;\"><\/i><span aria-hidden=\"true\" class=\"qode_icon_font_elegant icon_house qode_icon_element fa-stack-1x\" style=\"color: #333333;\" ><\/span><\/a><\/span>[\/vc_column][vc_column width=&#8221;1\/5&#8243;][\/vc_column][vc_column width=&#8221;1\/5&#8243;][\/vc_column][\/vc_row][vc_row css_animation=&#8221;&#8221; row_type=&#8221;row&#8221; use_row_as_full_screen_section=&#8221;no&#8221; type=&#8221;full_width&#8221; angled_section=&#8221;no&#8221; text_align=&#8221;left&#8221; background_image_as_pattern=&#8221;without_pattern&#8221;][vc_column][vc_empty_space height=&#8221;50px&#8221;][\/vc_column][\/vc_row]<\/p>\n<\/div>","protected":false},"excerpt":{"rendered":"<p>[vc_row css_animation=&#8221;element_from_top&#8221; row_type=&#8221;row&#8221; use_row_as_full_screen_section=&#8221;no&#8221; type=&#8221;full_width&#8221; angled_section=&#8221;no&#8221; text_align=&#8221;center&#8221; background_image_as_pattern=&#8221;without_pattern&#8221; transition_delay=&#8221;500&#8243; z_index=&#8221;&#8221;][vc_column][vc_separator type=&#8221;transparent&#8221; up=&#8221;200&#8243; down=&#8221;0&#8243;][vc_row_inner row_type=&#8221;row&#8221; type=&#8221;grid&#8221; text_align=&#8221;center&#8221; css_animation=&#8221;element_from_right&#8221;][vc_column_inner width=&#8221;1\/6&#8243;][\/vc_column_inner][vc_column_inner width=&#8221;4\/6&#8243;][vc_column_text] DICAS DE SA\u00daDE [\/vc_column_text][vc_separator type=&#8221;transparent&#8221; up=&#8221;50&#8243; down=&#8221;0&#8243;][vc_column_text] Adotar alguns h\u00e1bitos durante o dia e antes de dormir podem auxiliar a ter uma vida saud\u00e1vel e uma&#8230;<\/p>\n","protected":false},"author":1,"featured_media":0,"parent":0,"menu_order":0,"comment_status":"closed","ping_status":"closed","template":"full_width.php","meta":{"footnotes":""},"class_list":["post-315","page","type-page","status-publish","hentry"],"_links":{"self":[{"href":"https:\/\/colchoesdoctors.com.br\/ind\/wp-json\/wp\/v2\/pages\/315"}],"collection":[{"href":"https:\/\/colchoesdoctors.com.br\/ind\/wp-json\/wp\/v2\/pages"}],"about":[{"href":"https:\/\/colchoesdoctors.com.br\/ind\/wp-json\/wp\/v2\/types\/page"}],"author":[{"embeddable":true,"href":"https:\/\/colchoesdoctors.com.br\/ind\/wp-json\/wp\/v2\/users\/1"}],"replies":[{"embeddable":true,"href":"https:\/\/colchoesdoctors.com.br\/ind\/wp-json\/wp\/v2\/comments?post=315"}],"version-history":[{"count":12,"href":"https:\/\/colchoesdoctors.com.br\/ind\/wp-json\/wp\/v2\/pages\/315\/revisions"}],"predecessor-version":[{"id":341,"href":"https:\/\/colchoesdoctors.com.br\/ind\/wp-json\/wp\/v2\/pages\/315\/revisions\/341"}],"wp:attachment":[{"href":"https:\/\/colchoesdoctors.com.br\/ind\/wp-json\/wp\/v2\/media?parent=315"}],"curies":[{"name":"wp","href":"https:\/\/api.w.org\/{rel}","templated":true}]}}